{"id":1486,"date":"2020-12-14T18:06:03","date_gmt":"2020-12-14T18:06:03","guid":{"rendered":"https:\/\/aaps.cz\/?page_id=1486"},"modified":"2021-01-05T17:12:05","modified_gmt":"2021-01-05T17:12:05","slug":"ekologie","status":"publish","type":"page","link":"https:\/\/aaps.cz\/index.php\/ekologie\/","title":{"rendered":"Ekologie"},"content":{"rendered":"<div id=\"pl-1486\"  class=\"panel-layout\" ><div id=\"pg-1486-0\"  class=\"panel-grid panel-no-style\" ><div id=\"pgc-1486-0-0\"  class=\"panel-grid-cell\" ><div id=\"panel-1486-0-0-1\" class=\"so-panel widget widget_sow-editor panel-last-child\" data-index=\"1\" ><div class=\"panel-widget-style panel-widget-style-for-1486-0-0-1\" ><div\n\t\t\t\n\t\t\tclass=\"so-widget-sow-editor so-widget-sow-editor-base\"\n\t\t\t\n\t\t>\n<div class=\"siteorigin-widget-tinymce textwidget\">\n\t<h1><span style=\"font-size: 36px;\"><strong>EKOLOGIE<\/strong><\/span><\/h1>\n<p><img loading=\"lazy\" decoding=\"async\" class=\"alignnone size-full wp-image-1534\" src=\"https:\/\/aaps.cz\/wp-content\/uploads\/2020\/12\/eu-fond.jpg\" alt=\"\" width=\"512\" height=\"160\" srcset=\"https:\/\/aaps.cz\/wp-content\/uploads\/2020\/12\/eu-fond.jpg 512w, https:\/\/aaps.cz\/wp-content\/uploads\/2020\/12\/eu-fond-300x94.jpg 300w\" sizes=\"auto, (max-width: 512px) 100vw, 512px\" \/><\/p>\n<h2><span style=\"font-size: 24px;\"><strong>PROJEKT: ELEKTROMOBILITA =\u00a0MEN\u0160\u00cd Z\u00c1T\u011a\u017d PRO \u017dIVOTN\u00cd PROST\u0158ED\u00cd<\/strong><\/span><\/h2>\n<p><span style=\"font-size: 14pt;\">Na\u0161e spole\u010dnost se zab\u00fdv\u00e1 spr\u00e1vou dokument\u016f a\u00a0veden\u00edm spisovny. V\u00a0r\u00e1mci c\u00edl\u016f kvalit pro rok 2019 jsme po\u0159\u00eddili dva slu\u017eebn\u00ed elektromobily kategorie M1 a\u00a0N1 a\u00a0jednu dob\u00edjec\u00ed stanici pro pot\u0159eby spole\u010dnosti. Elektromobil je automobil na elektrick\u00fd pohon, kter\u00fd je poh\u00e1n\u011bn elektromotorem a\u00a0jako zdroj energie vyu\u017e\u00edv\u00e1 akumul\u00e1tor, kter\u00fd mus\u00ed b\u00fdt p\u0159ed j\u00edzdou nabit, proto\u017ee na jeho kapacit\u011b z\u00e1vis\u00ed dojezdov\u00e1 vzd\u00e1lenost elektromobilu.<\/span><\/p>\n<p><span style=\"font-size: 14pt;\">Na n\u00e1kup elektromobil\u016f jsme vypsali ve\u0159ejn\u00e9 zak\u00e1zky, ze kter\u00fdch byly vybr\u00e1ny osobn\u00ed v\u016fz NISSAN LEAF 18-N-Connecta 40 KWh a\u00a0NISSAN E-NV200 VAN 40 KWh Acenta.<\/span><br \/>\n<span style=\"font-size: 14pt;\">D\u00e1le byl v r\u00e1mci projektu realizov\u00e1n n\u00e1kup a\u00a0instalace nab\u00edjec\u00ed stanice o\u00a0v\u00fdkonu 2x\u00a022 KW.<\/span><br \/>\n<span style=\"font-size: 14pt;\">D\u00edky tomuto zp\u016fsobu nab\u00edjen\u00ed automobil\u016f se na\u0161e firma aktivn\u011b pod\u00edl\u00ed na ochran\u011b \u017eivotn\u00edho prost\u0159ed\u00ed.<\/span><br \/>\n<span style=\"font-size: 14pt;\">N\u00e1kup elektromobil\u016f a\u00a0nab\u00edjec\u00ed stanice je spolufinancov\u00e1n v\u00a0r\u00e1mci projektu z\u00a0OP PIK, V\u00fdzva III programu podpory, N\u00cdZKOUHL\u00cdKOV\u00c9 TECHNOLOGIE - Elektromobilita, v\u00fdzva III.<\/span><\/p>\n<p><span style=\"font-size: 14pt;\"><strong>N\u00e1zev programu<\/strong>: Opera\u010dn\u00ed program Podnik\u00e1n\u00ed a\u00a0inovace pro konkurenceschopnost<\/span><\/p>\n<p><span style=\"font-size: 14pt;\"><strong>N\u00e1zev projektu<\/strong>: Elektromobilita =\u00a0men\u0161\u00ed z\u00e1t\u011b\u017e pro \u017eivotn\u00ed prost\u0159ed\u00ed<\/span><\/p>\n<p><span style=\"font-size: 14pt;\"><strong>Jm\u00e9no \u017eadatele<\/strong>: A&amp;P\u00a0Support\u00a0s.r.o.<\/span><\/p>\n<p><span style=\"font-size: 14pt;\"><strong>Term\u00edn realizace<\/strong>: 10.12.2018 -\u00a030.6.2019<\/span><\/p>\n<p><span style=\"font-size: 14pt;\"><strong>Zp\u016fsobil\u00e9 v\u00fddaje celkem<\/strong>: 713 900,-\u00a0K\u010d<\/span><\/p>\n<p><span style=\"font-size: 14pt;\"><strong>V\u00fd\u0161e dotace<\/strong>: 535 425,-\u00a0K\u010d<\/span><\/p>\n<p><span style=\"font-size: 14pt;\"><strong>Popis projektu:<\/strong> C\u00edlem projektu byla modernizace vozov\u00e9ho parku spole\u010dnosti a\u00a0p\u0159echod z\u00a0pou\u017e\u00edv\u00e1n\u00ed fosiln\u00edch paliv na elektomobilitu p\u0159i p\u0159eprav\u011b dokument\u016f od klient\u016f do komer\u010dn\u00ed spisovny a\u00a0op\u011btovn\u00e9 doru\u010dov\u00e1n\u00ed dokument\u016f ulo\u017een\u00fdch v\u00a0komer\u010dn\u00ed spisovn\u011b k\u00a0pot\u0159eb\u00e1m klient\u016f. Realizac\u00ed projektu do\u0161lo ke zv\u00fd\u0161en\u00ed vyu\u017eit\u00ed efektivn\u011bj\u0161\u00edch a\u00a0spolehliv\u011bj\u0161\u00edch n\u00edzkouhl\u00edkov\u00fdch technologi\u00ed.<\/span><\/p>\n<p><span style=\"font-size: 14pt;\"><strong>Z\u00e1v\u011bry a v\u00fdsledky<\/strong>: C\u00edle projektu bylo dosa\u017eeno po\u0159\u00edzen\u00edm dvou elektromobil\u016f a\u00a0nab\u00edjec\u00ed stanice do are\u00e1lu firmy \u00a0pro vlastn\u00ed pot\u0159eby podniku. Realizac\u00ed projektu se zv\u00fd\u0161ila konkurenceschopnost podniku a\u00a0do\u0161lo ke zv\u00fd\u0161en\u00ed vyu\u017eit\u00ed efektivn\u011bj\u0161\u00edch a\u00a0spolehliv\u011bj\u0161\u00edch n\u00edzkouhl\u00edkov\u00fdch technologi\u00ed.<\/span><\/p>\n<p><img loading=\"lazy\" decoding=\"async\" class=\"size-large wp-image-1487 aligncenter\" src=\"https:\/\/aaps.cz\/wp-content\/uploads\/2020\/12\/unnamed-1024x768.jpg\" alt=\"\" width=\"800\" height=\"600\" srcset=\"https:\/\/aaps.cz\/wp-content\/uploads\/2020\/12\/unnamed-1024x768.jpg 1024w, https:\/\/aaps.cz\/wp-content\/uploads\/2020\/12\/unnamed-300x225.jpg 300w, https:\/\/aaps.cz\/wp-content\/uploads\/2020\/12\/unnamed-768x576.jpg 768w, https:\/\/aaps.cz\/wp-content\/uploads\/2020\/12\/unnamed.jpg 1280w\" sizes=\"auto, (max-width: 800px) 100vw, 800px\" \/><\/p>\n<\/div>\n<\/div><\/div><\/div><\/div><\/div><\/div>","protected":false},"excerpt":{"rendered":"<p>EKOLOGIE PROJEKT: ELEKTROMOBILITA =\u00a0MEN\u0160\u00cd Z\u00c1T\u011a\u017d PRO \u017dIVOTN\u00cd PROST\u0158ED\u00cd Na\u0161e spole\u010dnost se zab\u00fdv\u00e1 spr\u00e1vou dokument\u016f a\u00a0veden\u00edm spisovny. V\u00a0r\u00e1mci c\u00edl\u016f kvalit pro rok 2019 jsme po\u0159\u00eddili dva slu\u017eebn\u00ed elektromobily kategorie M1 a\u00a0N1 &#8230;<\/p>\n","protected":false},"author":1,"featured_media":0,"parent":0,"menu_order":0,"comment_status":"closed","ping_status":"closed","template":"template-fullwidth.php","meta":{"footnotes":""},"class_list":["post-1486","page","type-page","status-publish","hentry"],"_links":{"self":[{"href":"https:\/\/aaps.cz\/index.php\/wp-json\/wp\/v2\/pages\/1486","targetHints":{"allow":["GET"]}}],"collection":[{"href":"https:\/\/aaps.cz\/index.php\/wp-json\/wp\/v2\/pages"}],"about":[{"href":"https:\/\/aaps.cz\/index.php\/wp-json\/wp\/v2\/types\/page"}],"author":[{"embeddable":true,"href":"https:\/\/aaps.cz\/index.php\/wp-json\/wp\/v2\/users\/1"}],"replies":[{"embeddable":true,"href":"https:\/\/aaps.cz\/index.php\/wp-json\/wp\/v2\/comments?post=1486"}],"version-history":[{"count":34,"href":"https:\/\/aaps.cz\/index.php\/wp-json\/wp\/v2\/pages\/1486\/revisions"}],"predecessor-version":[{"id":1768,"href":"https:\/\/aaps.cz\/index.php\/wp-json\/wp\/v2\/pages\/1486\/revisions\/1768"}],"wp:attachment":[{"href":"https:\/\/aaps.cz\/index.php\/wp-json\/wp\/v2\/media?parent=1486"}],"curies":[{"name":"wp","href":"https:\/\/api.w.org\/{rel}","templated":true}]}}