{"id":17,"date":"2016-02-12T08:09:36","date_gmt":"2016-02-12T08:09:36","guid":{"rendered":"http:\/\/demos.famethemes.com\/onepress\/?page_id=17"},"modified":"2021-01-05T17:06:36","modified_gmt":"2021-01-05T17:06:36","slug":"skartace","status":"publish","type":"page","link":"https:\/\/aaps.cz\/index.php\/skartace\/","title":{"rendered":"skartace"},"content":{"rendered":"<div id=\"pl-17\"  class=\"panel-layout\" ><div id=\"pg-17-0\"  class=\"panel-grid panel-no-style\" ><div id=\"pgc-17-0-0\"  class=\"panel-grid-cell\" ><div id=\"panel-17-0-0-1\" class=\"so-panel widget widget_sow-editor panel-last-child\" data-index=\"1\" ><div class=\"panel-widget-style panel-widget-style-for-17-0-0-1\" ><div\n\t\t\t\n\t\t\tclass=\"so-widget-sow-editor so-widget-sow-editor-base\"\n\t\t\t\n\t\t>\n<div class=\"siteorigin-widget-tinymce textwidget\">\n\t<h1><span style=\"font-size: 36px;\"><strong>SKARTACE<\/strong><\/span><\/h1>\n<p><span style=\"font-size: 14pt;\">Skarta\u010dn\u00ed \u0159\u00edzen\u00ed prob\u00edh\u00e1 v\u00a0souladu se z\u00e1konem z\u00e1kona 499\/2004 Sb. v\u00a0platn\u00e9m zn\u011bn\u00ed a\u00a0dal\u0161\u00edch pr\u00e1vn\u00edch p\u0159edpis\u016f a\u00a0to zejm\u00e9na z\u00e1kona \u010d.\u00a0101\/2000\u00a0Sb.\u00a0o ochran\u011b osobn\u00edch \u00fadaj\u016f. Dokumenty ur\u010den\u00e9 ke skartaci budou p\u0159ev\u00e1\u017eeny v\u00a0uzav\u00edrateln\u00fdch boxech LBK. Dokumenty jsou za dohledu pov\u011b\u0159en\u00e9ho zam\u011bstnance spisovny p\u0159evezeny k\u00a0fyzick\u00e9 skartaci. Skartovac\u00ed stroje maj\u00ed velikost \u0159ezu 2x15\u00a0mm co\u017e odpov\u00edd\u00e1 dle vyhl.\u00a0\u010d.\u00a0528\/2005\u00a0Sb. stupni 3.\u00a0Samotn\u00e1 fyzick\u00e1 likvidace prob\u00edh\u00e1 takt\u00e9\u017e pod dohledem zam\u011bstnance spisovny. Po celou dobu skartace, tak jsou dokumenty zabezpe\u010deny proti neopr\u00e1vn\u011bn\u00e9mu p\u0159\u00edstupu. Po dokon\u010den\u00ed skartace obdr\u017e\u00ed spole\u010dnost potvrzen\u00ed o\u00a0skartaci dokument\u016f.<\/span><\/p>\n<\/div>\n<\/div><\/div><\/div><\/div><\/div><\/div>","protected":false},"excerpt":{"rendered":"<p>Nullam ut tempor eros. Donec faucibus, velit et imperdiet aliquam, lacus velit luctus urna, vitae porttitor orci libero id felis.<\/p>\n","protected":false},"author":1,"featured_media":0,"parent":0,"menu_order":0,"comment_status":"closed","ping_status":"closed","template":"template-fullwidth.php","meta":{"footnotes":""},"class_list":["post-17","page","type-page","status-publish","hentry"],"_links":{"self":[{"href":"https:\/\/aaps.cz\/index.php\/wp-json\/wp\/v2\/pages\/17","targetHints":{"allow":["GET"]}}],"collection":[{"href":"https:\/\/aaps.cz\/index.php\/wp-json\/wp\/v2\/pages"}],"about":[{"href":"https:\/\/aaps.cz\/index.php\/wp-json\/wp\/v2\/types\/page"}],"author":[{"embeddable":true,"href":"https:\/\/aaps.cz\/index.php\/wp-json\/wp\/v2\/users\/1"}],"replies":[{"embeddable":true,"href":"https:\/\/aaps.cz\/index.php\/wp-json\/wp\/v2\/comments?post=17"}],"version-history":[{"count":65,"href":"https:\/\/aaps.cz\/index.php\/wp-json\/wp\/v2\/pages\/17\/revisions"}],"predecessor-version":[{"id":1764,"href":"https:\/\/aaps.cz\/index.php\/wp-json\/wp\/v2\/pages\/17\/revisions\/1764"}],"wp:attachment":[{"href":"https:\/\/aaps.cz\/index.php\/wp-json\/wp\/v2\/media?parent=17"}],"curies":[{"name":"wp","href":"https:\/\/api.w.org\/{rel}","templated":true}]}}